{"id":27143,"date":"2018-05-24T10:14:26","date_gmt":"2018-05-24T10:14:26","guid":{"rendered":"https:\/\/mjs.life\/bar\/"},"modified":"2026-04-02T12:09:29","modified_gmt":"2026-04-02T12:09:29","slug":"bar","status":"publish","type":"page","link":"https:\/\/mjs.life\/sv\/bar\/","title":{"rendered":"Bar"},"content":{"rendered":"<p><div class=\"fusion-fullwidth fullwidth-box fusion-builder-row-1 fusion-flex-container has-pattern-background has-mask-background hundred-percent-fullwidth non-hundred-percent-height-scrolling\" style=\"--awb-border-radius-top-left:0px;--awb-border-radius-top-right:0px;--awb-border-radius-bottom-right:0px;--awb-border-radius-bottom-left:0px;--awb-padding-right:0px;--awb-padding-left:0px;--awb-flex-wrap:wrap;\" ><div class=\"fusion-builder-row fusion-row fusion-flex-align-items-flex-start fusion-flex-content-wrap\" style=\"width:calc( 100% + 0px ) !important;max-width:calc( 100% + 0px ) !important;margin-left: calc(-0px \/ 2 );margin-right: calc(-0px \/ 2 );\"><div class=\"fusion-layout-column fusion_builder_column fusion-builder-column-0 fusion_builder_column_1_2 1_2 fusion-flex-column fusion-flex-align-self-stretch\" style=\"--awb-bg-image:url(&#039;https:\/\/mjs.life\/wp-content\/uploads\/2025\/02\/MJS-Drinkar.jpg&#039;);--awb-bg-size:cover;--awb-width-large:50%;--awb-margin-top-large:0px;--awb-spacing-right-large:0px;--awb-margin-bottom-large:0px;--awb-spacing-left-large:0px;--awb-width-medium:100%;--awb-order-medium:2;--awb-spacing-right-medium:0px;--awb-spacing-left-medium:0px;--awb-width-small:100%;--awb-order-small:2;--awb-spacing-right-small:0px;--awb-spacing-left-small:0px;\"><div class=\"fusion-column-wrapper fusion-column-has-shadow fusion-flex-justify-content-flex-start fusion-content-layout-column fusion-empty-column-bg-image fusion-column-has-bg-image\" data-bg-url=\"https:\/\/mjs.life\/wp-content\/uploads\/2025\/02\/MJS-Drinkar.jpg\"><img decoding=\"async\" class=\"fusion-empty-dims-img-placeholder\" aria-label=\"MJS &#8211; Drinkar\" src=\"data:image\/svg+xml,%3Csvg%20xmlns%3D%27http%3A%2F%2Fwww.w3.org%2F2000%2Fsvg%27%20width%3D%272000%27%20height%3D%271333%27%20viewBox%3D%270%200%202000%201333%27%3E%3Crect%20width%3D%272000%27%20height%3D%271333%27%20fill-opacity%3D%220%22%2F%3E%3C%2Fsvg%3E\"><\/div><\/div><div class=\"fusion-layout-column fusion_builder_column fusion-builder-column-1 fusion_builder_column_1_2 1_2 fusion-flex-column\" style=\"--awb-padding-top:12%;--awb-padding-right:8%;--awb-padding-bottom:12%;--awb-padding-left:8%;--awb-bg-color:#ffffff;--awb-bg-color-hover:#ffffff;--awb-bg-size:cover;--awb-width-large:50%;--awb-margin-top-large:0px;--awb-spacing-right-large:0px;--awb-margin-bottom-large:0px;--awb-spacing-left-large:0px;--awb-width-medium:100%;--awb-order-medium:1;--awb-spacing-right-medium:0px;--awb-spacing-left-medium:0px;--awb-width-small:100%;--awb-order-small:1;--awb-spacing-right-small:0px;--awb-spacing-left-small:0px;\"><div class=\"fusion-column-wrapper fusion-column-has-shadow fusion-flex-justify-content-flex-start fusion-content-layout-column\"><div class=\"fusion-text fusion-text-1\" style=\"--awb-letter-spacing:3px;\"><p>MJ&#8217;S LOBBYBAR<\/p>\n<\/div><div class=\"fusion-title title fusion-title-1 fusion-title-text fusion-title-size-three\" style=\"--awb-text-color:var(--awb-color4);--awb-margin-top-small:0px;--awb-margin-right-small:0px;--awb-margin-bottom-small:20px;--awb-margin-left-small:0px;--awb-font-size:40px;\"><div class=\"title-sep-container title-sep-container-left fusion-no-large-visibility fusion-no-medium-visibility fusion-no-small-visibility\"><div class=\"title-sep sep-single sep-solid\" style=\"border-color:rgba(0,0,0,0);\"><\/div><\/div><span class=\"awb-title-spacer fusion-no-large-visibility fusion-no-medium-visibility fusion-no-small-visibility\"><\/span><h3 class=\"fusion-title-heading title-heading-left fusion-responsive-typography-calculated\" style=\"margin:0;font-size:1em;--fontSize:40;line-height:1.5;\">Bar, drinkar<br \/>&amp; fredag hela veckan<\/h3><span class=\"awb-title-spacer\"><\/span><div class=\"title-sep-container title-sep-container-right\"><div class=\"title-sep sep-single sep-solid\" style=\"border-color:rgba(0,0,0,0);\"><\/div><\/div><\/div><div class=\"fusion-text fusion-text-2\"><p><em>I v\u00e5r lobbybar \u00e4r k\u00e4nslan av fredag aldrig l\u00e5ngt borta. Cocktails, sk\u00f6n st\u00e4mning och ett f\u00f6rsta smakprov p\u00e5 allt som v\u00e4ntar p\u00e5 MJ\u2019S. En bar i Malm\u00f6 d\u00e4r atmosf\u00e4ren \u00e4r lika viktig som drinkarna, och d\u00e4r ett glas l\u00e4tt blir tv\u00e5.<br \/>\n<\/em><\/p>\n<\/div><div class=\"fusion-text fusion-text-3\"><p>Hos oss f\u00e5r s\u00e4songen s\u00e4tta tonen f\u00f6r cocktailmenyn, medan musiken och sorlet g\u00f6r sitt. Sista fredagen varje m\u00e5nad bjuder vi dessutom in till After Work med DJ fr\u00e5n kl. 17.00.<\/p>\n<p>V\u00e4lkommen till v\u00e5r bar. MJ\u2019S bar.<\/p>\n<p><strong>\u00d6ppettider:<\/strong><br \/>\n<strong>S\u00f6ndag &#8211; torsdag kl. 11:00-00:00 (cocktails fr\u00e5n kl. 16)<\/strong><br \/>\n<strong>Fredag &#8211; s\u00f6ndag kl. 11:00-01.00 (cocktails fr\u00e5n kl. 16)<\/strong><\/p>\n<\/div><div ><a class=\"fusion-button button-flat button-medium button-custom fusion-button-default button-1 fusion-button-default-span fusion-button-default-type\" style=\"--awb-margin-bottom:10px;--button_accent_color:#fac9c9;--button_border_color:#fac9c9;--button_accent_hover_color:#000000;--button_border_hover_color:#000000;--button_gradient_top_color:#000000;--button_gradient_bottom_color:#000000;--button_gradient_top_color_hover:#fac9c9;--button_gradient_bottom_color_hover:#fac9c9;\" target=\"_blank\" href=\"https:\/\/mjs.life\/wp-content\/uploads\/2024\/09\/Lobbybar-cocktails.pdf\" data-wpel-link=\"external\" rel=\"nofollow external noopener noreferrer\"><span class=\"fusion-button-text awb-button__text awb-button__text--default\">drinkmenyn<\/span><\/a><\/div><div ><a class=\"fusion-button button-flat button-medium button-custom fusion-button-default button-2 fusion-button-default-span fusion-button-default-type\" style=\"--button_accent_color:#fac9c9;--button_border_color:#fac9c9;--button_accent_hover_color:#000000;--button_border_hover_color:#000000;--button_gradient_top_color:#000000;--button_gradient_bottom_color:#000000;--button_gradient_top_color_hover:#fac9c9;--button_gradient_bottom_color_hover:#fac9c9;\" target=\"_blank\" href=\"https:\/\/mjs.life\/goings-on\/\" data-wpel-link=\"external\" rel=\"nofollow external noopener noreferrer\"><span class=\"fusion-button-text awb-button__text awb-button__text--default\">Lobby bar DJ&#8217;s<\/span><\/a><\/div><\/div><\/div><\/div><\/div>\n<\/p>\n","protected":false},"excerpt":{"rendered":"","protected":false},"author":4,"featured_media":0,"parent":0,"menu_order":0,"comment_status":"closed","ping_status":"closed","template":"100-width.php","meta":{"inline_featured_image":false,"footnotes":""},"class_list":["post-27143","page","type-page","status-publish","hentry"],"yoast_head":"<!-- This site is optimized with the Yoast SEO plugin v27.5 - https:\/\/yoast.com\/product\/yoast-seo-wordpress\/ -->\n<title>Bar | MJ&#039;S<\/title>\n<meta name=\"robots\" content=\"index, follow, max-snippet:-1, max-image-preview:large, max-video-preview:-1\" \/>\n<link rel=\"canonical\" href=\"https:\/\/mjs.life\/sv\/bar\/\" \/>\n<meta property=\"og:locale\" content=\"sv_SE\" \/>\n<meta property=\"og:type\" content=\"article\" \/>\n<meta property=\"og:title\" content=\"Bar | MJ&#039;S\" \/>\n<meta property=\"og:url\" content=\"https:\/\/mjs.life\/sv\/bar\/\" \/>\n<meta property=\"og:site_name\" content=\"MJ&#039;S\" \/>\n<meta property=\"article:modified_time\" content=\"2026-04-02T12:09:29+00:00\" \/>\n<meta property=\"og:image\" content=\"https:\/\/mjs.life\/wp-content\/uploads\/2023\/06\/OG-MJS.jpg\" \/>\n\t<meta property=\"og:image:width\" content=\"1200\" \/>\n\t<meta property=\"og:image:height\" content=\"630\" \/>\n\t<meta property=\"og:image:type\" content=\"image\/jpeg\" \/>\n<meta name=\"twitter:card\" content=\"summary_large_image\" \/>\n<meta name=\"twitter:label1\" content=\"Ber\u00e4knad l\u00e4stid\" \/>\n\t<meta name=\"twitter:data1\" content=\"7 minuter\" \/>\n<script type=\"application\/ld+json\" class=\"yoast-schema-graph\">{\"@context\":\"https:\\\/\\\/schema.org\",\"@graph\":[{\"@type\":\"WebPage\",\"@id\":\"https:\\\/\\\/mjs.life\\\/sv\\\/bar\\\/\",\"url\":\"https:\\\/\\\/mjs.life\\\/sv\\\/bar\\\/\",\"name\":\"Bar | MJ&#039;S\",\"isPartOf\":{\"@id\":\"https:\\\/\\\/mjs.life\\\/sv\\\/#website\"},\"datePublished\":\"2018-05-24T10:14:26+00:00\",\"dateModified\":\"2026-04-02T12:09:29+00:00\",\"breadcrumb\":{\"@id\":\"https:\\\/\\\/mjs.life\\\/sv\\\/bar\\\/#breadcrumb\"},\"inLanguage\":\"sv-SE\",\"potentialAction\":[{\"@type\":\"ReadAction\",\"target\":[\"https:\\\/\\\/mjs.life\\\/sv\\\/bar\\\/\"]}]},{\"@type\":\"BreadcrumbList\",\"@id\":\"https:\\\/\\\/mjs.life\\\/sv\\\/bar\\\/#breadcrumb\",\"itemListElement\":[{\"@type\":\"ListItem\",\"position\":1,\"name\":\"Home\",\"item\":\"https:\\\/\\\/mjs.life\\\/sv\\\/\"},{\"@type\":\"ListItem\",\"position\":2,\"name\":\"Bar\"}]},{\"@type\":\"WebSite\",\"@id\":\"https:\\\/\\\/mjs.life\\\/sv\\\/#website\",\"url\":\"https:\\\/\\\/mjs.life\\\/sv\\\/\",\"name\":\"MJ&#039;S\",\"description\":\"Hotel | Restaurant | Bar in Malm\u00f6\",\"publisher\":{\"@id\":\"https:\\\/\\\/mjs.life\\\/sv\\\/#organization\"},\"potentialAction\":[{\"@type\":\"SearchAction\",\"target\":{\"@type\":\"EntryPoint\",\"urlTemplate\":\"https:\\\/\\\/mjs.life\\\/sv\\\/?s={search_term_string}\"},\"query-input\":{\"@type\":\"PropertyValueSpecification\",\"valueRequired\":true,\"valueName\":\"search_term_string\"}}],\"inLanguage\":\"sv-SE\"},{\"@type\":\"Organization\",\"@id\":\"https:\\\/\\\/mjs.life\\\/sv\\\/#organization\",\"name\":\"MJ\u00b4S\u00ae Hotel in Malm\u00f6\",\"url\":\"https:\\\/\\\/mjs.life\\\/sv\\\/\",\"logo\":{\"@type\":\"ImageObject\",\"inLanguage\":\"sv-SE\",\"@id\":\"https:\\\/\\\/mjs.life\\\/sv\\\/#\\\/schema\\\/logo\\\/image\\\/\",\"url\":\"https:\\\/\\\/mjs.life\\\/wp-content\\\/uploads\\\/2018\\\/05\\\/mj-favicon-512x512px.png\",\"contentUrl\":\"https:\\\/\\\/mjs.life\\\/wp-content\\\/uploads\\\/2018\\\/05\\\/mj-favicon-512x512px.png\",\"width\":512,\"height\":512,\"caption\":\"MJ\u00b4S\u00ae Hotel in Malm\u00f6\"},\"image\":{\"@id\":\"https:\\\/\\\/mjs.life\\\/sv\\\/#\\\/schema\\\/logo\\\/image\\\/\"}}]}<\/script>\n<!-- \/ Yoast SEO plugin. -->","yoast_head_json":{"title":"Bar | MJ&#039;S","robots":{"index":"index","follow":"follow","max-snippet":"max-snippet:-1","max-image-preview":"max-image-preview:large","max-video-preview":"max-video-preview:-1"},"canonical":"https:\/\/mjs.life\/sv\/bar\/","og_locale":"sv_SE","og_type":"article","og_title":"Bar | MJ&#039;S","og_url":"https:\/\/mjs.life\/sv\/bar\/","og_site_name":"MJ&#039;S","article_modified_time":"2026-04-02T12:09:29+00:00","og_image":[{"width":1200,"height":630,"url":"https:\/\/mjs.life\/wp-content\/uploads\/2023\/06\/OG-MJS.jpg","type":"image\/jpeg"}],"twitter_card":"summary_large_image","twitter_misc":{"Ber\u00e4knad l\u00e4stid":"7 minuter"},"schema":{"@context":"https:\/\/schema.org","@graph":[{"@type":"WebPage","@id":"https:\/\/mjs.life\/sv\/bar\/","url":"https:\/\/mjs.life\/sv\/bar\/","name":"Bar | MJ&#039;S","isPartOf":{"@id":"https:\/\/mjs.life\/sv\/#website"},"datePublished":"2018-05-24T10:14:26+00:00","dateModified":"2026-04-02T12:09:29+00:00","breadcrumb":{"@id":"https:\/\/mjs.life\/sv\/bar\/#breadcrumb"},"inLanguage":"sv-SE","potentialAction":[{"@type":"ReadAction","target":["https:\/\/mjs.life\/sv\/bar\/"]}]},{"@type":"BreadcrumbList","@id":"https:\/\/mjs.life\/sv\/bar\/#breadcrumb","itemListElement":[{"@type":"ListItem","position":1,"name":"Home","item":"https:\/\/mjs.life\/sv\/"},{"@type":"ListItem","position":2,"name":"Bar"}]},{"@type":"WebSite","@id":"https:\/\/mjs.life\/sv\/#website","url":"https:\/\/mjs.life\/sv\/","name":"MJ&#039;S","description":"Hotel | Restaurant | Bar in Malm\u00f6","publisher":{"@id":"https:\/\/mjs.life\/sv\/#organization"},"potentialAction":[{"@type":"SearchAction","target":{"@type":"EntryPoint","urlTemplate":"https:\/\/mjs.life\/sv\/?s={search_term_string}"},"query-input":{"@type":"PropertyValueSpecification","valueRequired":true,"valueName":"search_term_string"}}],"inLanguage":"sv-SE"},{"@type":"Organization","@id":"https:\/\/mjs.life\/sv\/#organization","name":"MJ\u00b4S\u00ae Hotel in Malm\u00f6","url":"https:\/\/mjs.life\/sv\/","logo":{"@type":"ImageObject","inLanguage":"sv-SE","@id":"https:\/\/mjs.life\/sv\/#\/schema\/logo\/image\/","url":"https:\/\/mjs.life\/wp-content\/uploads\/2018\/05\/mj-favicon-512x512px.png","contentUrl":"https:\/\/mjs.life\/wp-content\/uploads\/2018\/05\/mj-favicon-512x512px.png","width":512,"height":512,"caption":"MJ\u00b4S\u00ae Hotel in Malm\u00f6"},"image":{"@id":"https:\/\/mjs.life\/sv\/#\/schema\/logo\/image\/"}}]}},"_links":{"self":[{"href":"https:\/\/mjs.life\/sv\/wp-json\/wp\/v2\/pages\/27143","targetHints":{"allow":["GET"]}}],"collection":[{"href":"https:\/\/mjs.life\/sv\/wp-json\/wp\/v2\/pages"}],"about":[{"href":"https:\/\/mjs.life\/sv\/wp-json\/wp\/v2\/types\/page"}],"author":[{"embeddable":true,"href":"https:\/\/mjs.life\/sv\/wp-json\/wp\/v2\/users\/4"}],"replies":[{"embeddable":true,"href":"https:\/\/mjs.life\/sv\/wp-json\/wp\/v2\/comments?post=27143"}],"version-history":[{"count":4,"href":"https:\/\/mjs.life\/sv\/wp-json\/wp\/v2\/pages\/27143\/revisions"}],"predecessor-version":[{"id":27542,"href":"https:\/\/mjs.life\/sv\/wp-json\/wp\/v2\/pages\/27143\/revisions\/27542"}],"wp:attachment":[{"href":"https:\/\/mjs.life\/sv\/wp-json\/wp\/v2\/media?parent=27143"}],"curies":[{"name":"wp","href":"https:\/\/api.w.org\/{rel}","templated":true}]}}