{"id":26765,"date":"2021-05-03T10:11:44","date_gmt":"2021-05-03T10:11:44","guid":{"rendered":"https:\/\/mjs.life\/brunch\/"},"modified":"2026-02-19T13:25:51","modified_gmt":"2026-02-19T13:25:51","slug":"brunch","status":"publish","type":"page","link":"https:\/\/mjs.life\/da\/restaurant\/brunch\/","title":{"rendered":"Brunch"},"content":{"rendered":"<div class=\"fusion-fullwidth fullwidth-box fusion-builder-row-1 fusion-flex-container has-pattern-background has-mask-background hundred-percent-fullwidth non-hundred-percent-height-scrolling\" style=\"--awb-border-radius-top-left:0px;--awb-border-radius-top-right:0px;--awb-border-radius-bottom-right:0px;--awb-border-radius-bottom-left:0px;--awb-padding-right:0px;--awb-padding-left:0px;--awb-flex-wrap:wrap;\" ><div class=\"fusion-builder-row fusion-row fusion-flex-align-items-flex-start fusion-flex-justify-content-center fusion-flex-content-wrap\" style=\"width:calc( 100% + 0px ) !important;max-width:calc( 100% + 0px ) !important;margin-left: calc(-0px \/ 2 );margin-right: calc(-0px \/ 2 );\"><div class=\"fusion-layout-column fusion_builder_column fusion-builder-column-0 fusion_builder_column_1_2 1_2 fusion-flex-column fusion-flex-align-self-stretch\" style=\"--awb-bg-size:cover;--awb-width-large:50%;--awb-margin-top-large:0px;--awb-spacing-right-large:0px;--awb-margin-bottom-large:0px;--awb-spacing-left-large:0px;--awb-width-medium:100%;--awb-order-medium:2;--awb-spacing-right-medium:0px;--awb-spacing-left-medium:0px;--awb-width-small:100%;--awb-order-small:2;--awb-spacing-right-small:0px;--awb-spacing-left-small:0px;\"><div class=\"awb-column__background-slider\" ><div class=\"awb-background-slider\" data-type=\"column\" data-loop=\"yes\" data-animation=\"fade\" data-slideshow-speed=\"5000\" data-animation-speed=\"800\" data-direction=\"up\" style=\"--awb-image-position:50% 50%;\"><div class=\"swiper-wrapper\"><div class=\"swiper-slide\"><img decoding=\"async\" width=\"1920\" height=\"1080\" src=\"https:\/\/mjs.life\/wp-content\/uploads\/2025\/11\/MJS-brunch-1.webp\" class=\"awb-background-slider__image\" alt=\"\" srcset=\"https:\/\/mjs.life\/wp-content\/uploads\/2025\/11\/MJS-brunch-1-200x113.webp 200w, https:\/\/mjs.life\/wp-content\/uploads\/2025\/11\/MJS-brunch-1-300x169.webp 300w, https:\/\/mjs.life\/wp-content\/uploads\/2025\/11\/MJS-brunch-1-400x225.webp 400w, https:\/\/mjs.life\/wp-content\/uploads\/2025\/11\/MJS-brunch-1-600x338.webp 600w, https:\/\/mjs.life\/wp-content\/uploads\/2025\/11\/MJS-brunch-1-768x432.webp 768w, https:\/\/mjs.life\/wp-content\/uploads\/2025\/11\/MJS-brunch-1-800x450.webp 800w, https:\/\/mjs.life\/wp-content\/uploads\/2025\/11\/MJS-brunch-1-1024x576.webp 1024w, https:\/\/mjs.life\/wp-content\/uploads\/2025\/11\/MJS-brunch-1-1200x675.webp 1200w, https:\/\/mjs.life\/wp-content\/uploads\/2025\/11\/MJS-brunch-1-1536x864.webp 1536w, https:\/\/mjs.life\/wp-content\/uploads\/2025\/11\/MJS-brunch-1.webp 1920w\" sizes=\"(max-width: 1920px) 100vw, 1920px\" \/><\/div><div class=\"swiper-slide\"><img decoding=\"async\" width=\"1920\" height=\"1080\" src=\"https:\/\/mjs.life\/wp-content\/uploads\/2025\/11\/MJS-Brunch-4.webp\" class=\"awb-background-slider__image\" alt=\"\" srcset=\"https:\/\/mjs.life\/wp-content\/uploads\/2025\/11\/MJS-Brunch-4-200x113.webp 200w, https:\/\/mjs.life\/wp-content\/uploads\/2025\/11\/MJS-Brunch-4-300x169.webp 300w, https:\/\/mjs.life\/wp-content\/uploads\/2025\/11\/MJS-Brunch-4-400x225.webp 400w, https:\/\/mjs.life\/wp-content\/uploads\/2025\/11\/MJS-Brunch-4-600x338.webp 600w, https:\/\/mjs.life\/wp-content\/uploads\/2025\/11\/MJS-Brunch-4-768x432.webp 768w, https:\/\/mjs.life\/wp-content\/uploads\/2025\/11\/MJS-Brunch-4-800x450.webp 800w, https:\/\/mjs.life\/wp-content\/uploads\/2025\/11\/MJS-Brunch-4-1024x576.webp 1024w, https:\/\/mjs.life\/wp-content\/uploads\/2025\/11\/MJS-Brunch-4-1200x675.webp 1200w, https:\/\/mjs.life\/wp-content\/uploads\/2025\/11\/MJS-Brunch-4-1536x864.webp 1536w, https:\/\/mjs.life\/wp-content\/uploads\/2025\/11\/MJS-Brunch-4.webp 1920w\" sizes=\"(max-width: 1920px) 100vw, 1920px\" \/><\/div><div class=\"swiper-slide\"><img decoding=\"async\" width=\"1024\" height=\"682\" src=\"https:\/\/mjs.life\/wp-content\/uploads\/2025\/11\/mjs-brunch-4-1.webp\" class=\"awb-background-slider__image\" alt=\"\" srcset=\"https:\/\/mjs.life\/wp-content\/uploads\/2025\/11\/mjs-brunch-4-1-200x133.webp 200w, https:\/\/mjs.life\/wp-content\/uploads\/2025\/11\/mjs-brunch-4-1-300x200.webp 300w, https:\/\/mjs.life\/wp-content\/uploads\/2025\/11\/mjs-brunch-4-1-400x266.webp 400w, https:\/\/mjs.life\/wp-content\/uploads\/2025\/11\/mjs-brunch-4-1-600x400.webp 600w, https:\/\/mjs.life\/wp-content\/uploads\/2025\/11\/mjs-brunch-4-1-768x512.webp 768w, https:\/\/mjs.life\/wp-content\/uploads\/2025\/11\/mjs-brunch-4-1-800x533.webp 800w, https:\/\/mjs.life\/wp-content\/uploads\/2025\/11\/mjs-brunch-4-1.webp 1024w\" sizes=\"(max-width: 1024px) 100vw, 1024px\" \/><\/div><\/div><\/div><\/div><div class=\"fusion-column-wrapper fusion-column-has-shadow fusion-flex-justify-content-flex-start fusion-content-layout-column\"><div class=\"awb-column__content\"><div class=\"fusion-separator fusion-full-width-sep\" style=\"align-self: center;margin-left: auto;margin-right: auto;margin-top:550px;width:100%;\"><\/div><\/div><\/div><\/div><div class=\"fusion-layout-column fusion_builder_column fusion-builder-column-1 fusion_builder_column_1_2 1_2 fusion-flex-column fusion-flex-align-self-flex-start\" style=\"--awb-padding-top:60px;--awb-padding-right:8%;--awb-padding-bottom:60px;--awb-padding-left:8%;--awb-padding-top-small:30px;--awb-bg-size:cover;--awb-width-large:50%;--awb-margin-top-large:0px;--awb-spacing-right-large:0px;--awb-margin-bottom-large:0px;--awb-spacing-left-large:0px;--awb-width-medium:100%;--awb-order-medium:1;--awb-spacing-right-medium:0px;--awb-spacing-left-medium:0px;--awb-width-small:100%;--awb-order-small:1;--awb-spacing-right-small:0px;--awb-spacing-left-small:0px;\"><div class=\"fusion-column-wrapper fusion-column-has-shadow fusion-flex-justify-content-flex-start fusion-content-layout-column\"><div class=\"fusion-title title fusion-title-1 fusion-title-center fusion-title-text fusion-title-size-one\" style=\"--awb-text-color:#f99595;--awb-margin-bottom:10px;--awb-margin-top-small:0px;--awb-margin-right-small:0px;--awb-margin-bottom-small:0px;--awb-margin-left-small:0px;--awb-text-stroke-size:0px;--awb-text-stroke-color:#f95c5c;--awb-font-size:4em;\"><div class=\"title-sep-container title-sep-container-left\"><div class=\"title-sep sep-single sep-solid\" style=\"border-color:rgba(0,0,0,0);\"><\/div><\/div><span class=\"awb-title-spacer\"><\/span><h1 class=\"fusion-title-heading title-heading-center fusion-responsive-typography-calculated\" style=\"font-family:&quot;Montserrat&quot;;font-style:normal;font-weight:900;margin:0;text-transform:uppercase;font-size:1em;--fontSize:64;line-height:0.8;text-shadow:-1px 1px 0px rgba(58,58,58,0.59);\"><strong>L\u00f8rdagsbrunch<\/strong><\/h1><span class=\"awb-title-spacer\"><\/span><div class=\"title-sep-container title-sep-container-right\"><div class=\"title-sep sep-single sep-solid\" style=\"border-color:rgba(0,0,0,0);\"><\/div><\/div><\/div><div class=\"fusion-text fusion-text-1\" style=\"--awb-content-alignment:center;--awb-margin-top:20px;\"><p><b>L\u00f8rdage kl. 12.00\u201315.00<\/b><\/p>\n<\/div><div class=\"fusion-text fusion-text-2 fusion-text-no-margin\" style=\"--awb-content-alignment:center;--awb-margin-bottom:40px;\"><p><strong>Det her er ikke din bedstemors brunch medmindre hun er en \u00e6gte party queen.<\/strong> Start l\u00f8rdagen med h\u00f8jt hum\u00f8r, musikken skruet op og drinks, der bare bliver ved. Uanset om du er p\u00e5 jagt efter den perfekte kur mod t\u00f8mmerm\u00e6nd, eller om brunchen er optakten til l\u00f8rdagens fest, s\u00e5 er du mere end velkommen hos MJ\u2019S.<\/p>\n<\/div><div class=\"fusion-builder-row fusion-builder-row-inner fusion-row fusion-flex-align-items-flex-start fusion-flex-justify-content-center fusion-flex-content-wrap\" style=\"--awb-flex-grow:0;--awb-flex-grow-medium:0;--awb-flex-grow-small:0;--awb-flex-shrink:0;--awb-flex-shrink-medium:0;--awb-flex-shrink-small:0;width:calc( 100% + 0px ) !important;max-width:calc( 100% + 0px ) !important;margin-left: calc(-0px \/ 2 );margin-right: calc(-0px \/ 2 );\"><div class=\"fusion-layout-column fusion_builder_column_inner fusion-builder-nested-column-0 fusion_builder_column_inner_1_1 1_1 fusion-flex-column\" style=\"--awb-bg-size:cover;--awb-width-large:100%;--awb-margin-top-large:0px;--awb-spacing-right-large:0px;--awb-margin-bottom-large:0px;--awb-spacing-left-large:0px;--awb-width-medium:100%;--awb-order-medium:0;--awb-spacing-right-medium:0px;--awb-spacing-left-medium:0px;--awb-width-small:100%;--awb-order-small:0;--awb-spacing-right-small:0px;--awb-spacing-left-small:0px;\"><div class=\"fusion-column-wrapper fusion-column-has-shadow fusion-flex-justify-content-center fusion-content-layout-row\"><div style=\"text-align:center;\"><a class=\"fusion-button button-flat button-medium button-custom fusion-button-default button-1 fusion-button-span-no fusion-button-default-type fusion-has-button-gradient\" style=\"--button_accent_color:#f99595;--button_border_color:#000;--button_accent_hover_color:#000000;--button_border_hover_color:#000000;--button_gradient_top_color:#000000;--button_gradient_bottom_color:#0000;--button_gradient_top_color_hover:#fac9c9;--button_gradient_bottom_color_hover:#fac9c9;--button_margin-right:10px;--button_margin-bottom:5px;--button_margin-left:10px;\" target=\"_self\" id=\"table-reservation-brunch\"><span class=\"fusion-button-text awb-button__text awb-button__text--default\">Book et bord<\/span><\/a><\/div><div style=\"text-align:center;\"><a class=\"fusion-button button-flat button-medium button-custom fusion-button-default button-2 fusion-button-span-no fusion-button-default-type\" style=\"--button_accent_color:#000000;--button_border_color:#000000;--button_accent_hover_color:#000000;--button_border_hover_color:#000000;--button_gradient_top_color:rgba(249,149,149,0);--button_gradient_bottom_color:rgba(249,149,149,0);--button_gradient_top_color_hover:#fac9c9;--button_gradient_bottom_color_hover:#fac9c9;--button_margin-right:10px;--button_margin-bottom:5px;--button_margin-left:10px;\" target=\"_blank\" href=\"https:\/\/mjs.life\/wp-content\/uploads\/2025\/01\/MJS-Brunch-Menu.pdf\" id=\"table-reservation-brunch\" data-wpel-link=\"external\" rel=\"nofollow external noopener noreferrer\"><span class=\"fusion-button-text awb-button__text awb-button__text--default\">BrunchMenu<\/span><\/a><\/div><\/div><\/div><\/div><div id=\"widgetContainer\">\n<\/div>\n<script>\n   document\n       .getElementById(\"table-reservation-brunch\")\n       .addEventListener(\"click\", () => {\n           const config = {};\n           config.widgetContainerId = \"widgetContainer\";\n           config.open = true;\n           config.channelId = \"a8bc8e38-7701-4753-905a-1e21018b8d0f\";\n           config.languageCulture = \"en-GB\";\n           config.mealId = \"73f80c66-9cc2-48b5-844c-e682ba53a6b8\";\n           config.singleMeal = true;\n           config.restaurantId = \"c7e06b60-e0e7-411a-b8b5-512c70977126\";\n           config.singleRestaurant = true;\n           table_reservation_widget.TableReservationWidget({ ...config });\n       });\n<\/script><\/div><\/div><\/div><\/div>\n","protected":false},"excerpt":{"rendered":"","protected":false},"author":12,"featured_media":0,"parent":26838,"menu_order":0,"comment_status":"closed","ping_status":"closed","template":"100-width.php","meta":{"inline_featured_image":false,"footnotes":""},"class_list":["post-26765","page","type-page","status-publish","hentry"],"yoast_head":"<!-- This site is optimized with the Yoast SEO plugin v27.3 - https:\/\/yoast.com\/product\/yoast-seo-wordpress\/ -->\n<title>Brunch i Malm\u00f6 Centrum | L\u00f8rdagsbrunch hos MJ\u2019S<\/title>\n<meta name=\"description\" content=\"Oplev l\u00f8rdagsbrunch hos MJ\u2019S i Malm\u00f6 med god stemning, musik og drinks. Den perfekte start p\u00e5 weekenden \u2013 book bord i dag.\" \/>\n<meta name=\"robots\" content=\"index, follow, max-snippet:-1, max-image-preview:large, max-video-preview:-1\" \/>\n<link rel=\"canonical\" href=\"https:\/\/mjs.life\/da\/restaurant\/brunch\/\" \/>\n<meta property=\"og:locale\" content=\"da_DK\" \/>\n<meta property=\"og:type\" content=\"article\" \/>\n<meta property=\"og:title\" content=\"Brunch i Malm\u00f6 Centrum | L\u00f8rdagsbrunch hos MJ\u2019S\" \/>\n<meta property=\"og:description\" content=\"Oplev l\u00f8rdagsbrunch hos MJ\u2019S i Malm\u00f6 med god stemning, musik og drinks. Den perfekte start p\u00e5 weekenden \u2013 book bord i dag.\" \/>\n<meta property=\"og:url\" content=\"https:\/\/mjs.life\/da\/restaurant\/brunch\/\" \/>\n<meta property=\"og:site_name\" content=\"MJ&#039;S\" \/>\n<meta property=\"article:modified_time\" content=\"2026-02-19T13:25:51+00:00\" \/>\n<meta property=\"og:image\" content=\"https:\/\/mjs.life\/wp-content\/uploads\/2023\/06\/OG-MJS.jpg\" \/>\n\t<meta property=\"og:image:width\" content=\"1200\" \/>\n\t<meta property=\"og:image:height\" content=\"630\" \/>\n\t<meta property=\"og:image:type\" content=\"image\/jpeg\" \/>\n<meta name=\"twitter:card\" content=\"summary_large_image\" \/>\n<meta name=\"twitter:label1\" content=\"Estimeret l\u00e6setid\" \/>\n\t<meta name=\"twitter:data1\" content=\"1 minut\" \/>\n<script type=\"application\/ld+json\" class=\"yoast-schema-graph\">{\"@context\":\"https:\\\/\\\/schema.org\",\"@graph\":[{\"@type\":\"WebPage\",\"@id\":\"https:\\\/\\\/mjs.life\\\/da\\\/restaurant\\\/brunch\\\/\",\"url\":\"https:\\\/\\\/mjs.life\\\/da\\\/restaurant\\\/brunch\\\/\",\"name\":\"Brunch i Malm\u00f6 Centrum | L\u00f8rdagsbrunch hos MJ\u2019S\",\"isPartOf\":{\"@id\":\"https:\\\/\\\/mjs.life\\\/da\\\/#website\"},\"datePublished\":\"2021-05-03T10:11:44+00:00\",\"dateModified\":\"2026-02-19T13:25:51+00:00\",\"description\":\"Oplev l\u00f8rdagsbrunch hos MJ\u2019S i Malm\u00f6 med god stemning, musik og drinks. Den perfekte start p\u00e5 weekenden \u2013 book bord i dag.\",\"breadcrumb\":{\"@id\":\"https:\\\/\\\/mjs.life\\\/da\\\/restaurant\\\/brunch\\\/#breadcrumb\"},\"inLanguage\":\"da-DK\",\"potentialAction\":[{\"@type\":\"ReadAction\",\"target\":[\"https:\\\/\\\/mjs.life\\\/da\\\/restaurant\\\/brunch\\\/\"]}]},{\"@type\":\"BreadcrumbList\",\"@id\":\"https:\\\/\\\/mjs.life\\\/da\\\/restaurant\\\/brunch\\\/#breadcrumb\",\"itemListElement\":[{\"@type\":\"ListItem\",\"position\":1,\"name\":\"Home\",\"item\":\"https:\\\/\\\/mjs.life\\\/da\\\/\"},{\"@type\":\"ListItem\",\"position\":2,\"name\":\"MJ\u2019S Barer &#038; Restaurant\",\"item\":\"https:\\\/\\\/mjs.life\\\/da\\\/restaurant\\\/\"},{\"@type\":\"ListItem\",\"position\":3,\"name\":\"Brunch\"}]},{\"@type\":\"WebSite\",\"@id\":\"https:\\\/\\\/mjs.life\\\/da\\\/#website\",\"url\":\"https:\\\/\\\/mjs.life\\\/da\\\/\",\"name\":\"MJ&#039;S\",\"description\":\"Hotel | Restaurant | Bar in Malm\u00f6\",\"publisher\":{\"@id\":\"https:\\\/\\\/mjs.life\\\/da\\\/#organization\"},\"potentialAction\":[{\"@type\":\"SearchAction\",\"target\":{\"@type\":\"EntryPoint\",\"urlTemplate\":\"https:\\\/\\\/mjs.life\\\/da\\\/?s={search_term_string}\"},\"query-input\":{\"@type\":\"PropertyValueSpecification\",\"valueRequired\":true,\"valueName\":\"search_term_string\"}}],\"inLanguage\":\"da-DK\"},{\"@type\":\"Organization\",\"@id\":\"https:\\\/\\\/mjs.life\\\/da\\\/#organization\",\"name\":\"MJ\u00b4S\u00ae Hotel in Malm\u00f6\",\"url\":\"https:\\\/\\\/mjs.life\\\/da\\\/\",\"logo\":{\"@type\":\"ImageObject\",\"inLanguage\":\"da-DK\",\"@id\":\"https:\\\/\\\/mjs.life\\\/da\\\/#\\\/schema\\\/logo\\\/image\\\/\",\"url\":\"https:\\\/\\\/mjs.life\\\/wp-content\\\/uploads\\\/2018\\\/05\\\/mj-favicon-512x512px.png\",\"contentUrl\":\"https:\\\/\\\/mjs.life\\\/wp-content\\\/uploads\\\/2018\\\/05\\\/mj-favicon-512x512px.png\",\"width\":512,\"height\":512,\"caption\":\"MJ\u00b4S\u00ae Hotel in Malm\u00f6\"},\"image\":{\"@id\":\"https:\\\/\\\/mjs.life\\\/da\\\/#\\\/schema\\\/logo\\\/image\\\/\"}}]}<\/script>\n<!-- \/ Yoast SEO plugin. -->","yoast_head_json":{"title":"Brunch i Malm\u00f6 Centrum | L\u00f8rdagsbrunch hos MJ\u2019S","description":"Oplev l\u00f8rdagsbrunch hos MJ\u2019S i Malm\u00f6 med god stemning, musik og drinks. Den perfekte start p\u00e5 weekenden \u2013 book bord i dag.","robots":{"index":"index","follow":"follow","max-snippet":"max-snippet:-1","max-image-preview":"max-image-preview:large","max-video-preview":"max-video-preview:-1"},"canonical":"https:\/\/mjs.life\/da\/restaurant\/brunch\/","og_locale":"da_DK","og_type":"article","og_title":"Brunch i Malm\u00f6 Centrum | L\u00f8rdagsbrunch hos MJ\u2019S","og_description":"Oplev l\u00f8rdagsbrunch hos MJ\u2019S i Malm\u00f6 med god stemning, musik og drinks. Den perfekte start p\u00e5 weekenden \u2013 book bord i dag.","og_url":"https:\/\/mjs.life\/da\/restaurant\/brunch\/","og_site_name":"MJ&#039;S","article_modified_time":"2026-02-19T13:25:51+00:00","og_image":[{"width":1200,"height":630,"url":"https:\/\/mjs.life\/wp-content\/uploads\/2023\/06\/OG-MJS.jpg","type":"image\/jpeg"}],"twitter_card":"summary_large_image","twitter_misc":{"Estimeret l\u00e6setid":"1 minut"},"schema":{"@context":"https:\/\/schema.org","@graph":[{"@type":"WebPage","@id":"https:\/\/mjs.life\/da\/restaurant\/brunch\/","url":"https:\/\/mjs.life\/da\/restaurant\/brunch\/","name":"Brunch i Malm\u00f6 Centrum | L\u00f8rdagsbrunch hos MJ\u2019S","isPartOf":{"@id":"https:\/\/mjs.life\/da\/#website"},"datePublished":"2021-05-03T10:11:44+00:00","dateModified":"2026-02-19T13:25:51+00:00","description":"Oplev l\u00f8rdagsbrunch hos MJ\u2019S i Malm\u00f6 med god stemning, musik og drinks. Den perfekte start p\u00e5 weekenden \u2013 book bord i dag.","breadcrumb":{"@id":"https:\/\/mjs.life\/da\/restaurant\/brunch\/#breadcrumb"},"inLanguage":"da-DK","potentialAction":[{"@type":"ReadAction","target":["https:\/\/mjs.life\/da\/restaurant\/brunch\/"]}]},{"@type":"BreadcrumbList","@id":"https:\/\/mjs.life\/da\/restaurant\/brunch\/#breadcrumb","itemListElement":[{"@type":"ListItem","position":1,"name":"Home","item":"https:\/\/mjs.life\/da\/"},{"@type":"ListItem","position":2,"name":"MJ\u2019S Barer &#038; Restaurant","item":"https:\/\/mjs.life\/da\/restaurant\/"},{"@type":"ListItem","position":3,"name":"Brunch"}]},{"@type":"WebSite","@id":"https:\/\/mjs.life\/da\/#website","url":"https:\/\/mjs.life\/da\/","name":"MJ&#039;S","description":"Hotel | Restaurant | Bar in Malm\u00f6","publisher":{"@id":"https:\/\/mjs.life\/da\/#organization"},"potentialAction":[{"@type":"SearchAction","target":{"@type":"EntryPoint","urlTemplate":"https:\/\/mjs.life\/da\/?s={search_term_string}"},"query-input":{"@type":"PropertyValueSpecification","valueRequired":true,"valueName":"search_term_string"}}],"inLanguage":"da-DK"},{"@type":"Organization","@id":"https:\/\/mjs.life\/da\/#organization","name":"MJ\u00b4S\u00ae Hotel in Malm\u00f6","url":"https:\/\/mjs.life\/da\/","logo":{"@type":"ImageObject","inLanguage":"da-DK","@id":"https:\/\/mjs.life\/da\/#\/schema\/logo\/image\/","url":"https:\/\/mjs.life\/wp-content\/uploads\/2018\/05\/mj-favicon-512x512px.png","contentUrl":"https:\/\/mjs.life\/wp-content\/uploads\/2018\/05\/mj-favicon-512x512px.png","width":512,"height":512,"caption":"MJ\u00b4S\u00ae Hotel in Malm\u00f6"},"image":{"@id":"https:\/\/mjs.life\/da\/#\/schema\/logo\/image\/"}}]}},"_links":{"self":[{"href":"https:\/\/mjs.life\/da\/wp-json\/wp\/v2\/pages\/26765","targetHints":{"allow":["GET"]}}],"collection":[{"href":"https:\/\/mjs.life\/da\/wp-json\/wp\/v2\/pages"}],"about":[{"href":"https:\/\/mjs.life\/da\/wp-json\/wp\/v2\/types\/page"}],"author":[{"embeddable":true,"href":"https:\/\/mjs.life\/da\/wp-json\/wp\/v2\/users\/12"}],"replies":[{"embeddable":true,"href":"https:\/\/mjs.life\/da\/wp-json\/wp\/v2\/comments?post=26765"}],"version-history":[{"count":6,"href":"https:\/\/mjs.life\/da\/wp-json\/wp\/v2\/pages\/26765\/revisions"}],"predecessor-version":[{"id":27313,"href":"https:\/\/mjs.life\/da\/wp-json\/wp\/v2\/pages\/26765\/revisions\/27313"}],"up":[{"embeddable":true,"href":"https:\/\/mjs.life\/da\/wp-json\/wp\/v2\/pages\/26838"}],"wp:attachment":[{"href":"https:\/\/mjs.life\/da\/wp-json\/wp\/v2\/media?parent=26765"}],"curies":[{"name":"wp","href":"https:\/\/api.w.org\/{rel}","templated":true}]}}