{"id":26757,"date":"2018-05-25T14:18:15","date_gmt":"2018-05-25T14:18:15","guid":{"rendered":"https:\/\/mjs.life\/lunch\/"},"modified":"2026-04-20T06:13:27","modified_gmt":"2026-04-20T06:13:27","slug":"frokost","status":"publish","type":"page","link":"https:\/\/mjs.life\/da\/frokost\/","title":{"rendered":"Frokost"},"content":{"rendered":"<div class=\"fusion-fullwidth fullwidth-box fusion-builder-row-1 fusion-flex-container fusion-parallax-none hundred-percent-fullwidth non-hundred-percent-height-scrolling\" style=\"--awb-border-radius-top-left:0px;--awb-border-radius-top-right:0px;--awb-border-radius-bottom-right:0px;--awb-border-radius-bottom-left:0px;--awb-padding-top:100px;--awb-padding-right:6%;--awb-padding-bottom:20px;--awb-padding-left:6%;--awb-margin-top:0px;--awb-margin-bottom:0px;--awb-background-image:url(&quot;https:\/\/mjs.life\/wp-content\/uploads\/2020\/03\/mjs-webb-lunch-background.jpg&quot;);--awb-background-size:cover;--awb-flex-wrap:wrap;\" ><div class=\"fusion-builder-row fusion-row fusion-flex-align-items-stretch fusion-flex-justify-content-center fusion-flex-content-wrap\" style=\"width:calc( 100% + 0px ) !important;max-width:calc( 100% + 0px ) !important;margin-left: calc(-0px \/ 2 );margin-right: calc(-0px \/ 2 );\"><div class=\"fusion-layout-column fusion_builder_column fusion-builder-column-0 fusion_builder_column_3_5 3_5 fusion-flex-column fusion-column-no-min-height\" style=\"--awb-padding-top:10px;--awb-padding-right:10px;--awb-padding-bottom:10px;--awb-padding-left:10px;--awb-bg-color:#fac9c9;--awb-bg-color-hover:#fac9c9;--awb-bg-position:center bottom;--awb-bg-size:cover;--awb-border-color:#000000;--awb-border-top:0;--awb-border-right:0;--awb-border-bottom:0;--awb-border-left:0;--awb-border-style:solid;--awb-width-large:60%;--awb-margin-top-large:40px;--awb-spacing-right-large:0px;--awb-margin-bottom-large:48px;--awb-spacing-left-large:0px;--awb-width-medium:100%;--awb-order-medium:0;--awb-spacing-right-medium:0px;--awb-spacing-left-medium:0px;--awb-width-small:100%;--awb-order-small:0;--awb-spacing-right-small:0px;--awb-spacing-left-small:0px;\"><div class=\"fusion-column-wrapper fusion-column-has-shadow fusion-flex-justify-content-flex-start fusion-content-layout-column\"><div class=\"fusion-builder-row fusion-builder-row-inner fusion-row fusion-flex-align-items-stretch fusion-flex-justify-content-center fusion-flex-content-wrap\" style=\"--awb-flex-grow:0;--awb-flex-grow-medium:0;--awb-flex-grow-small:0;--awb-flex-shrink:0;--awb-flex-shrink-medium:0;--awb-flex-shrink-small:0;width:calc( 100% + 0px ) !important;max-width:calc( 100% + 0px ) !important;margin-left: calc(-0px \/ 2 );margin-right: calc(-0px \/ 2 );\"><div class=\"fusion-layout-column fusion_builder_column_inner fusion-builder-nested-column-0 fusion_builder_column_inner_1_1 1_1 fusion-flex-column\" style=\"--awb-padding-top:10px;--awb-padding-right:8%;--awb-padding-bottom:10px;--awb-padding-left:8%;--awb-bg-size:cover;--awb-border-color:#000000;--awb-border-top:1px;--awb-border-right:1px;--awb-border-bottom:1px;--awb-border-left:1px;--awb-border-style:solid;--awb-width-large:100%;--awb-margin-top-large:0px;--awb-spacing-right-large:0px;--awb-margin-bottom-large:0px;--awb-spacing-left-large:0px;--awb-width-medium:100%;--awb-order-medium:0;--awb-spacing-right-medium:0px;--awb-spacing-left-medium:0px;--awb-width-small:100%;--awb-order-small:0;--awb-spacing-right-small:0px;--awb-spacing-left-small:0px;\"><div class=\"fusion-column-wrapper fusion-column-has-shadow fusion-flex-justify-content-flex-start fusion-content-layout-column\"><div class=\"fusion-separator fusion-full-width-sep\" style=\"align-self: center;margin-left: auto;margin-right: auto;margin-top:40px;margin-bottom:20px;width:100%;\"><\/div><div class=\"fusion-text fusion-text-1\"><h1 class=\"drink-name\" style=\"text-align: center; --fontsize: 40; line-height: 1.25;\" data-fontsize=\"40\" data-lineheight=\"50px\">MJ\u2019S frokost w.17<\/h1>\n<\/div><div style=\"text-align:center;\"><a class=\"fusion-button button-flat button-small button-custom fusion-button-default button-1 fusion-button-span-no fusion-button-default-type\" style=\"--button_accent_color:#fac9c9;--button_border_color:#fac9c9;--button_accent_hover_color:#fac9c9;--button_border_hover_color:#fac9c9;--button_gradient_top_color:#1d1e21;--button_gradient_bottom_color:#1d1e21;--button_gradient_top_color_hover:#1d1e21;--button_gradient_bottom_color_hover:#1d1e21;--button_margin-bottom:-10px;\" target=\"_self\" id=\"table-reservation-lunch\"><span class=\"fusion-button-text awb-button__text awb-button__text--default\">Bordreservation<\/span><\/a><\/div><div id=\"widgetContainer\"><\/div>\n<script>\n   document\n       .getElementById(\"table-reservation-lunch\")\n       .addEventListener(\"click\", () => {\n           const config = {};\n           config.widgetContainerId = \"widgetContainer\";\n           config.open = true;\n           config.channelId = \"a8bc8e38-7701-4753-905a-1e21018b8d0f\";\n           config.languageCulture = \"en-GB\";\n           config.mealId = \"0a5a3563-0185-4635-b890-2487169aa945\";\n           config.singleMeal = true;\n           config.restaurantId = \"c7e06b60-e0e7-411a-b8b5-512c70977126\";\n           config.singleRestaurant = true;\n           table_reservation_widget.TableReservationWidget({ ...config });\n       });\n<\/script><div class=\"fusion-text fusion-text-2 fusion-text-no-margin\" style=\"--awb-content-alignment:center;--awb-line-height:23px;--awb-margin-top:20px;--awb-margin-bottom:20px;\"><p><em>Reservation anbefales for at sikre dit velsmagende bord.<\/em><\/p>\n<\/div><div class=\"fusion-separator fusion-full-width-sep\" style=\"align-self: center;margin-left: auto;margin-right: auto;margin-top:0px;margin-bottom:20px;width:100%;\"><\/div><div class=\"fusion-text fusion-text-3 fusion-text-no-margin\" style=\"--awb-content-alignment:center;--awb-line-height:23px;--awb-margin-bottom:50px;\"><p><strong>Ugens vegetar 160 sek<\/strong><br \/>\nGrillet portobellosvamp, polenta, gremolata, pecorino, rucola<\/p>\n<p><strong>Ugens fisk 170 sek<\/strong><br \/>\nBagt kuller, gulerod, sortk\u00e5l, oliven, ansjos<\/p>\n<p><strong>Ugens k\u00f8d 170 sek<\/strong><br \/>\nGrillet h\u00f8jreb, tomat, fennikel, borlottib\u00f8nner, pangrattato<\/p>\n<\/div><div class=\"fusion-text fusion-text-4 fusion-text-no-margin\" style=\"--awb-content-alignment:center;--awb-line-height:23px;--awb-margin-top:20px;--awb-margin-bottom:20px;\"><p><strong>Serveres mandag\u2013fredag kl. 11.30\u201314.00<\/strong><br \/>\n<em>Salat, focaccia, kartofler, kaffe, te og noget s\u00f8dt er inkluderet i alle frokoster.<\/em><\/p>\n<\/div><div style=\"text-align:center;\"><a class=\"fusion-button button-flat button-small button-custom fusion-button-default button-2 fusion-button-span-no fusion-button-default-type\" style=\"--button_accent_color:#fac9c9;--button_border_color:#fac9c9;--button_accent_hover_color:#fac9c9;--button_border_hover_color:#fac9c9;--button_gradient_top_color:#1d1e21;--button_gradient_bottom_color:#1d1e21;--button_gradient_top_color_hover:#1d1e21;--button_gradient_bottom_color_hover:#1d1e21;--button_margin-bottom:-10px;\" target=\"_self\" id=\"table-reservation-lunch-1\"><span class=\"fusion-button-text awb-button__text awb-button__text--default\">Bordreservation<\/span><\/a><\/div><div id=\"widgetContainer\"><\/div>\n<script>\n   document\n       .getElementById(\"table-reservation-lunch-1\")\n       .addEventListener(\"click\", () => {\n           const config = {};\n           config.widgetContainerId = \"widgetContainer\";\n           config.open = true;\n           config.channelId = \"a8bc8e38-7701-4753-905a-1e21018b8d0f\";\n           config.languageCulture = \"en-GB\";\n           config.mealId = \"0a5a3563-0185-4635-b890-2487169aa945\";\n           config.singleMeal = true;\n           config.restaurantId = \"c7e06b60-e0e7-411a-b8b5-512c70977126\";\n           config.singleRestaurant = true;\n           table_reservation_widget.TableReservationWidget({ ...config });\n       });\n<\/script><div class=\"fusion-separator fusion-full-width-sep\" style=\"align-self: center;margin-left: auto;margin-right: auto;margin-top:12px;margin-bottom:12px;width:100%;\"><\/div><\/div><\/div><\/div><\/div><\/div><div class=\"fusion-layout-column fusion_builder_column fusion-builder-column-1 fusion_builder_column_3_5 3_5 fusion-flex-column fusion-column-no-min-height\" style=\"--awb-padding-top:10px;--awb-padding-right:10px;--awb-padding-bottom:10px;--awb-padding-left:10px;--awb-bg-color:#fac9c9;--awb-bg-color-hover:#fac9c9;--awb-bg-position:center bottom;--awb-bg-size:cover;--awb-border-color:#000000;--awb-border-top:0;--awb-border-right:0;--awb-border-bottom:0;--awb-border-left:0;--awb-border-style:solid;--awb-width-large:60%;--awb-margin-top-large:40px;--awb-spacing-right-large:0px;--awb-margin-bottom-large:48px;--awb-spacing-left-large:0px;--awb-width-medium:100%;--awb-order-medium:0;--awb-spacing-right-medium:0px;--awb-spacing-left-medium:0px;--awb-width-small:100%;--awb-order-small:0;--awb-spacing-right-small:0px;--awb-spacing-left-small:0px;\"><div class=\"fusion-column-wrapper fusion-column-has-shadow fusion-flex-justify-content-flex-start fusion-content-layout-column\"><div class=\"fusion-builder-row fusion-builder-row-inner fusion-row fusion-flex-align-items-stretch fusion-flex-justify-content-center fusion-flex-content-wrap\" style=\"--awb-flex-grow:0;--awb-flex-grow-medium:0;--awb-flex-grow-small:0;--awb-flex-shrink:0;--awb-flex-shrink-medium:0;--awb-flex-shrink-small:0;width:calc( 100% + 0px ) !important;max-width:calc( 100% + 0px ) !important;margin-left: calc(-0px \/ 2 );margin-right: calc(-0px \/ 2 );\"><div class=\"fusion-layout-column fusion_builder_column_inner fusion-builder-nested-column-1 fusion_builder_column_inner_1_1 1_1 fusion-flex-column\" style=\"--awb-padding-top:10px;--awb-padding-right:8%;--awb-padding-bottom:10px;--awb-padding-left:8%;--awb-bg-size:cover;--awb-border-color:#000000;--awb-border-top:1px;--awb-border-right:1px;--awb-border-bottom:1px;--awb-border-left:1px;--awb-border-style:solid;--awb-width-large:100%;--awb-margin-top-large:0px;--awb-spacing-right-large:0px;--awb-margin-bottom-large:0px;--awb-spacing-left-large:0px;--awb-width-medium:100%;--awb-order-medium:0;--awb-spacing-right-medium:0px;--awb-spacing-left-medium:0px;--awb-width-small:100%;--awb-order-small:0;--awb-spacing-right-small:0px;--awb-spacing-left-small:0px;\"><div class=\"fusion-column-wrapper fusion-column-has-shadow fusion-flex-justify-content-flex-start fusion-content-layout-column\"><div class=\"fusion-separator fusion-full-width-sep\" style=\"align-self: center;margin-left: auto;margin-right: auto;margin-top:40px;margin-bottom:20px;width:100%;\"><\/div><div class=\"fusion-text fusion-text-5\"><h2 class=\"drink-name\" style=\"text-align: center;\">Veggie, set, go!<\/h2>\n<\/div><div class=\"fusion-separator fusion-full-width-sep\" style=\"align-self: center;margin-left: auto;margin-right: auto;margin-top:12px;margin-bottom:12px;width:100%;\"><\/div><div class=\"fusion-text fusion-text-6\" style=\"--awb-content-alignment:center;\"><p>Vores madfilosofi er, at gr\u00f8ntsager skal behandles som celebriteter. Derfor er vores frokostmenu bygget op omkring k\u00e5l, guler\u00f8dder, broccoli og r\u00f8dbeder. Smukke r\u00e5varer i alle former og farver, der gerne f\u00e5r selskab af fisk, k\u00f8d og m\u00e5ske et glas hvidvin.<br \/>\nS\u00e5. Er du veggie p\u00e5 en frokost?<\/p>\n<\/div><div class=\"fusion-separator fusion-full-width-sep\" style=\"align-self: center;margin-left: auto;margin-right: auto;margin-top:0px;margin-bottom:20px;width:100%;\"><\/div><\/div><\/div><\/div><\/div><\/div><\/div><\/div>\n","protected":false},"excerpt":{"rendered":"","protected":false},"author":4,"featured_media":0,"parent":0,"menu_order":0,"comment_status":"closed","ping_status":"closed","template":"100-width.php","meta":{"inline_featured_image":false,"footnotes":""},"class_list":["post-26757","page","type-page","status-publish","hentry"],"yoast_head":"<!-- This site is optimized with the Yoast SEO plugin v27.3 - https:\/\/yoast.com\/product\/yoast-seo-wordpress\/ -->\n<title>Frokost i Malm\u00f6 Centrum | MJ\u2019S Ugens Menu<\/title>\n<meta name=\"description\" content=\"Nyd ugens frokost hos MJ\u2019S i Malm\u00f6 centrum. Veggie, fisk eller k\u00f8d inkl. salat, focaccia, kaffe og noget s\u00f8dt. Serveres mandag\u2013fredag.\" \/>\n<meta name=\"robots\" content=\"index, follow, max-snippet:-1, max-image-preview:large, max-video-preview:-1\" \/>\n<link rel=\"canonical\" href=\"https:\/\/mjs.life\/da\/frokost\/\" \/>\n<meta property=\"og:locale\" content=\"da_DK\" \/>\n<meta property=\"og:type\" content=\"article\" \/>\n<meta property=\"og:title\" content=\"Frokost i Malm\u00f6 Centrum | MJ\u2019S Ugens Menu\" \/>\n<meta property=\"og:description\" content=\"Nyd ugens frokost hos MJ\u2019S i Malm\u00f6 centrum. Veggie, fisk eller k\u00f8d inkl. salat, focaccia, kaffe og noget s\u00f8dt. Serveres mandag\u2013fredag.\" \/>\n<meta property=\"og:url\" content=\"https:\/\/mjs.life\/da\/frokost\/\" \/>\n<meta property=\"og:site_name\" content=\"MJ&#039;S\" \/>\n<meta property=\"article:modified_time\" content=\"2026-04-20T06:13:27+00:00\" \/>\n<meta property=\"og:image\" content=\"https:\/\/mjs.life\/wp-content\/uploads\/2023\/06\/OG-MJS.jpg\" \/>\n\t<meta property=\"og:image:width\" content=\"1200\" \/>\n\t<meta property=\"og:image:height\" content=\"630\" \/>\n\t<meta property=\"og:image:type\" content=\"image\/jpeg\" \/>\n<meta name=\"twitter:card\" content=\"summary_large_image\" \/>\n<meta name=\"twitter:label1\" content=\"Estimeret l\u00e6setid\" \/>\n\t<meta name=\"twitter:data1\" content=\"1 minut\" \/>\n<script type=\"application\/ld+json\" class=\"yoast-schema-graph\">{\"@context\":\"https:\\\/\\\/schema.org\",\"@graph\":[{\"@type\":\"WebPage\",\"@id\":\"https:\\\/\\\/mjs.life\\\/da\\\/frokost\\\/\",\"url\":\"https:\\\/\\\/mjs.life\\\/da\\\/frokost\\\/\",\"name\":\"Frokost i Malm\u00f6 Centrum | MJ\u2019S Ugens Menu\",\"isPartOf\":{\"@id\":\"https:\\\/\\\/mjs.life\\\/da\\\/#website\"},\"datePublished\":\"2018-05-25T14:18:15+00:00\",\"dateModified\":\"2026-04-20T06:13:27+00:00\",\"description\":\"Nyd ugens frokost hos MJ\u2019S i Malm\u00f6 centrum. Veggie, fisk eller k\u00f8d inkl. salat, focaccia, kaffe og noget s\u00f8dt. Serveres mandag\u2013fredag.\",\"breadcrumb\":{\"@id\":\"https:\\\/\\\/mjs.life\\\/da\\\/frokost\\\/#breadcrumb\"},\"inLanguage\":\"da-DK\",\"potentialAction\":[{\"@type\":\"ReadAction\",\"target\":[\"https:\\\/\\\/mjs.life\\\/da\\\/frokost\\\/\"]}]},{\"@type\":\"BreadcrumbList\",\"@id\":\"https:\\\/\\\/mjs.life\\\/da\\\/frokost\\\/#breadcrumb\",\"itemListElement\":[{\"@type\":\"ListItem\",\"position\":1,\"name\":\"Home\",\"item\":\"https:\\\/\\\/mjs.life\\\/da\\\/\"},{\"@type\":\"ListItem\",\"position\":2,\"name\":\"Frokost\"}]},{\"@type\":\"WebSite\",\"@id\":\"https:\\\/\\\/mjs.life\\\/da\\\/#website\",\"url\":\"https:\\\/\\\/mjs.life\\\/da\\\/\",\"name\":\"MJ&#039;S\",\"description\":\"Hotel | Restaurant | Bar in Malm\u00f6\",\"publisher\":{\"@id\":\"https:\\\/\\\/mjs.life\\\/da\\\/#organization\"},\"potentialAction\":[{\"@type\":\"SearchAction\",\"target\":{\"@type\":\"EntryPoint\",\"urlTemplate\":\"https:\\\/\\\/mjs.life\\\/da\\\/?s={search_term_string}\"},\"query-input\":{\"@type\":\"PropertyValueSpecification\",\"valueRequired\":true,\"valueName\":\"search_term_string\"}}],\"inLanguage\":\"da-DK\"},{\"@type\":\"Organization\",\"@id\":\"https:\\\/\\\/mjs.life\\\/da\\\/#organization\",\"name\":\"MJ\u00b4S\u00ae Hotel in Malm\u00f6\",\"url\":\"https:\\\/\\\/mjs.life\\\/da\\\/\",\"logo\":{\"@type\":\"ImageObject\",\"inLanguage\":\"da-DK\",\"@id\":\"https:\\\/\\\/mjs.life\\\/da\\\/#\\\/schema\\\/logo\\\/image\\\/\",\"url\":\"https:\\\/\\\/mjs.life\\\/wp-content\\\/uploads\\\/2018\\\/05\\\/mj-favicon-512x512px.png\",\"contentUrl\":\"https:\\\/\\\/mjs.life\\\/wp-content\\\/uploads\\\/2018\\\/05\\\/mj-favicon-512x512px.png\",\"width\":512,\"height\":512,\"caption\":\"MJ\u00b4S\u00ae Hotel in Malm\u00f6\"},\"image\":{\"@id\":\"https:\\\/\\\/mjs.life\\\/da\\\/#\\\/schema\\\/logo\\\/image\\\/\"}}]}<\/script>\n<!-- \/ Yoast SEO plugin. -->","yoast_head_json":{"title":"Frokost i Malm\u00f6 Centrum | MJ\u2019S Ugens Menu","description":"Nyd ugens frokost hos MJ\u2019S i Malm\u00f6 centrum. Veggie, fisk eller k\u00f8d inkl. salat, focaccia, kaffe og noget s\u00f8dt. Serveres mandag\u2013fredag.","robots":{"index":"index","follow":"follow","max-snippet":"max-snippet:-1","max-image-preview":"max-image-preview:large","max-video-preview":"max-video-preview:-1"},"canonical":"https:\/\/mjs.life\/da\/frokost\/","og_locale":"da_DK","og_type":"article","og_title":"Frokost i Malm\u00f6 Centrum | MJ\u2019S Ugens Menu","og_description":"Nyd ugens frokost hos MJ\u2019S i Malm\u00f6 centrum. Veggie, fisk eller k\u00f8d inkl. salat, focaccia, kaffe og noget s\u00f8dt. Serveres mandag\u2013fredag.","og_url":"https:\/\/mjs.life\/da\/frokost\/","og_site_name":"MJ&#039;S","article_modified_time":"2026-04-20T06:13:27+00:00","og_image":[{"width":1200,"height":630,"url":"https:\/\/mjs.life\/wp-content\/uploads\/2023\/06\/OG-MJS.jpg","type":"image\/jpeg"}],"twitter_card":"summary_large_image","twitter_misc":{"Estimeret l\u00e6setid":"1 minut"},"schema":{"@context":"https:\/\/schema.org","@graph":[{"@type":"WebPage","@id":"https:\/\/mjs.life\/da\/frokost\/","url":"https:\/\/mjs.life\/da\/frokost\/","name":"Frokost i Malm\u00f6 Centrum | MJ\u2019S Ugens Menu","isPartOf":{"@id":"https:\/\/mjs.life\/da\/#website"},"datePublished":"2018-05-25T14:18:15+00:00","dateModified":"2026-04-20T06:13:27+00:00","description":"Nyd ugens frokost hos MJ\u2019S i Malm\u00f6 centrum. Veggie, fisk eller k\u00f8d inkl. salat, focaccia, kaffe og noget s\u00f8dt. Serveres mandag\u2013fredag.","breadcrumb":{"@id":"https:\/\/mjs.life\/da\/frokost\/#breadcrumb"},"inLanguage":"da-DK","potentialAction":[{"@type":"ReadAction","target":["https:\/\/mjs.life\/da\/frokost\/"]}]},{"@type":"BreadcrumbList","@id":"https:\/\/mjs.life\/da\/frokost\/#breadcrumb","itemListElement":[{"@type":"ListItem","position":1,"name":"Home","item":"https:\/\/mjs.life\/da\/"},{"@type":"ListItem","position":2,"name":"Frokost"}]},{"@type":"WebSite","@id":"https:\/\/mjs.life\/da\/#website","url":"https:\/\/mjs.life\/da\/","name":"MJ&#039;S","description":"Hotel | Restaurant | Bar in Malm\u00f6","publisher":{"@id":"https:\/\/mjs.life\/da\/#organization"},"potentialAction":[{"@type":"SearchAction","target":{"@type":"EntryPoint","urlTemplate":"https:\/\/mjs.life\/da\/?s={search_term_string}"},"query-input":{"@type":"PropertyValueSpecification","valueRequired":true,"valueName":"search_term_string"}}],"inLanguage":"da-DK"},{"@type":"Organization","@id":"https:\/\/mjs.life\/da\/#organization","name":"MJ\u00b4S\u00ae Hotel in Malm\u00f6","url":"https:\/\/mjs.life\/da\/","logo":{"@type":"ImageObject","inLanguage":"da-DK","@id":"https:\/\/mjs.life\/da\/#\/schema\/logo\/image\/","url":"https:\/\/mjs.life\/wp-content\/uploads\/2018\/05\/mj-favicon-512x512px.png","contentUrl":"https:\/\/mjs.life\/wp-content\/uploads\/2018\/05\/mj-favicon-512x512px.png","width":512,"height":512,"caption":"MJ\u00b4S\u00ae Hotel in Malm\u00f6"},"image":{"@id":"https:\/\/mjs.life\/da\/#\/schema\/logo\/image\/"}}]}},"_links":{"self":[{"href":"https:\/\/mjs.life\/da\/wp-json\/wp\/v2\/pages\/26757","targetHints":{"allow":["GET"]}}],"collection":[{"href":"https:\/\/mjs.life\/da\/wp-json\/wp\/v2\/pages"}],"about":[{"href":"https:\/\/mjs.life\/da\/wp-json\/wp\/v2\/types\/page"}],"author":[{"embeddable":true,"href":"https:\/\/mjs.life\/da\/wp-json\/wp\/v2\/users\/4"}],"replies":[{"embeddable":true,"href":"https:\/\/mjs.life\/da\/wp-json\/wp\/v2\/comments?post=26757"}],"version-history":[{"count":21,"href":"https:\/\/mjs.life\/da\/wp-json\/wp\/v2\/pages\/26757\/revisions"}],"predecessor-version":[{"id":27676,"href":"https:\/\/mjs.life\/da\/wp-json\/wp\/v2\/pages\/26757\/revisions\/27676"}],"wp:attachment":[{"href":"https:\/\/mjs.life\/da\/wp-json\/wp\/v2\/media?parent=26757"}],"curies":[{"name":"wp","href":"https:\/\/api.w.org\/{rel}","templated":true}]}}