{"id":26706,"date":"2018-05-24T10:14:26","date_gmt":"2018-05-24T10:14:26","guid":{"rendered":"https:\/\/mjs.life\/bar\/"},"modified":"2026-03-09T07:54:10","modified_gmt":"2026-03-09T07:54:10","slug":"bar","status":"publish","type":"page","link":"https:\/\/mjs.life\/da\/bar\/","title":{"rendered":"Bar"},"content":{"rendered":"<p><div class=\"fusion-fullwidth fullwidth-box fusion-builder-row-1 fusion-flex-container has-pattern-background has-mask-background hundred-percent-fullwidth non-hundred-percent-height-scrolling\" style=\"--awb-border-radius-top-left:0px;--awb-border-radius-top-right:0px;--awb-border-radius-bottom-right:0px;--awb-border-radius-bottom-left:0px;--awb-padding-right:0px;--awb-padding-left:0px;--awb-flex-wrap:wrap;\" ><div class=\"fusion-builder-row fusion-row fusion-flex-align-items-flex-start fusion-flex-content-wrap\" style=\"width:calc( 100% + 0px ) !important;max-width:calc( 100% + 0px ) !important;margin-left: calc(-0px \/ 2 );margin-right: calc(-0px \/ 2 );\"><div class=\"fusion-layout-column fusion_builder_column fusion-builder-column-0 fusion_builder_column_1_2 1_2 fusion-flex-column fusion-flex-align-self-stretch\" style=\"--awb-bg-image:url(&#039;https:\/\/mjs.life\/wp-content\/uploads\/2025\/02\/MJS-Drinkar.jpg&#039;);--awb-bg-size:cover;--awb-width-large:50%;--awb-margin-top-large:0px;--awb-spacing-right-large:0px;--awb-margin-bottom-large:0px;--awb-spacing-left-large:0px;--awb-width-medium:100%;--awb-order-medium:2;--awb-spacing-right-medium:0px;--awb-spacing-left-medium:0px;--awb-width-small:100%;--awb-order-small:2;--awb-spacing-right-small:0px;--awb-spacing-left-small:0px;\"><div class=\"fusion-column-wrapper fusion-column-has-shadow fusion-flex-justify-content-flex-start fusion-content-layout-column fusion-empty-column-bg-image fusion-column-has-bg-image\" data-bg-url=\"https:\/\/mjs.life\/wp-content\/uploads\/2025\/02\/MJS-Drinkar.jpg\"><img decoding=\"async\" class=\"fusion-empty-dims-img-placeholder\" aria-label=\"MJS &#8211; Drinkar\" src=\"data:image\/svg+xml,%3Csvg%20xmlns%3D%27http%3A%2F%2Fwww.w3.org%2F2000%2Fsvg%27%20width%3D%272000%27%20height%3D%271333%27%20viewBox%3D%270%200%202000%201333%27%3E%3Crect%20width%3D%272000%27%20height%3D%271333%27%20fill-opacity%3D%220%22%2F%3E%3C%2Fsvg%3E\"><\/div><\/div><div class=\"fusion-layout-column fusion_builder_column fusion-builder-column-1 fusion_builder_column_1_2 1_2 fusion-flex-column\" style=\"--awb-padding-top:12%;--awb-padding-right:8%;--awb-padding-bottom:12%;--awb-padding-left:8%;--awb-bg-color:#ffffff;--awb-bg-color-hover:#ffffff;--awb-bg-size:cover;--awb-width-large:50%;--awb-margin-top-large:0px;--awb-spacing-right-large:0px;--awb-margin-bottom-large:0px;--awb-spacing-left-large:0px;--awb-width-medium:100%;--awb-order-medium:1;--awb-spacing-right-medium:0px;--awb-spacing-left-medium:0px;--awb-width-small:100%;--awb-order-small:1;--awb-spacing-right-small:0px;--awb-spacing-left-small:0px;\"><div class=\"fusion-column-wrapper fusion-column-has-shadow fusion-flex-justify-content-flex-start fusion-content-layout-column\"><div class=\"fusion-text fusion-text-1\" style=\"--awb-letter-spacing:3px;\"><p>VELKOMMEN!<\/p>\n<\/div><div class=\"fusion-title title fusion-title-1 fusion-title-text fusion-title-size-one\" style=\"--awb-text-color:var(--awb-color4);--awb-margin-top-small:0px;--awb-margin-right-small:0px;--awb-margin-bottom-small:20px;--awb-margin-left-small:0px;--awb-font-size:40px;\"><div class=\"title-sep-container title-sep-container-left fusion-no-large-visibility fusion-no-medium-visibility fusion-no-small-visibility\"><div class=\"title-sep sep-single sep-solid\" style=\"border-color:rgba(0,0,0,0);\"><\/div><\/div><span class=\"awb-title-spacer fusion-no-large-visibility fusion-no-medium-visibility fusion-no-small-visibility\"><\/span><h1 class=\"fusion-title-heading title-heading-left fusion-responsive-typography-calculated\" style=\"margin:0;font-size:1em;--fontSize:40;line-height:1.4;\">Bar, cocktails<br \/>og alt det gode.<\/h1><span class=\"awb-title-spacer\"><\/span><div class=\"title-sep-container title-sep-container-right\"><div class=\"title-sep sep-single sep-solid\" style=\"border-color:rgba(0,0,0,0);\"><\/div><\/div><\/div><div class=\"fusion-text fusion-text-2\"><p><em>Lobbybaren hos MJ\u2019S er et vindue ind til hotellets univers. Et kig ind i vores verden og alt det, den har at byde p\u00e5.<\/em><\/p>\n<\/div><div class=\"fusion-text fusion-text-3\"><p>Vi str\u00e6ber efter at v\u00e6re den bedst mulige v\u00e6rt i ordets sande betydning. At give dig det ypperste inden for service, r\u00e5dgivning, cocktails, fester, sp\u00e5domme, m\u00f8der og farvel\u2026 \u00e9n ting ad gangen eller det hele p\u00e5 \u00e9n gang.<\/p>\n<p>Vores cocktails er s\u00e6soninspirerede og menuen opdateres l\u00f8bende. Og uanset hvad du g\u00f8r, s\u00e5 g\u00e5 ikke glip af vores Friday After Work hver sidste fredag i m\u00e5neden med DJ fra kl. 17.00. Dette er vores bar. MJ\u2019S Bar. Let\u2019s make out!<\/p>\n<p><strong>\u00c5bningstider:<\/strong><br \/>\n<strong>S\u00f8ndag \u2013 torsdag kl. 11.00\u201300.00 (cocktails fra kl. 16.00)<\/strong><br \/>\n<strong>Fredag \u2013 l\u00f8rdag kl. 11.00\u201301.00 (cocktails fra kl. 16.00)<\/strong><\/p>\n<\/div><div ><a class=\"fusion-button button-flat button-medium button-custom fusion-button-default button-1 fusion-button-default-span fusion-button-default-type\" style=\"--button_accent_color:#fac9c9;--button_border_color:#fac9c9;--button_accent_hover_color:#000000;--button_border_hover_color:#000000;--button_gradient_top_color:#000000;--button_gradient_bottom_color:#000000;--button_gradient_top_color_hover:#fac9c9;--button_gradient_bottom_color_hover:#fac9c9;--button_margin-bottom:10px;width:calc(100%);\" target=\"_blank\" href=\"https:\/\/mjs.life\/wp-content\/uploads\/2024\/09\/Lobbybar-cocktails.pdf\" data-wpel-link=\"external\" rel=\"nofollow external noopener noreferrer\"><span class=\"fusion-button-text awb-button__text awb-button__text--default\">Cocktail- &amp; drinksmenu<\/span><\/a><\/div><div ><a class=\"fusion-button button-flat button-medium button-custom fusion-button-default button-2 fusion-button-default-span fusion-button-default-type\" style=\"--button_accent_color:#fac9c9;--button_border_color:#fac9c9;--button_accent_hover_color:#000000;--button_border_hover_color:#000000;--button_gradient_top_color:#000000;--button_gradient_bottom_color:#000000;--button_gradient_top_color_hover:#fac9c9;--button_gradient_bottom_color_hover:#fac9c9;width:calc(100%);\" target=\"_self\" href=\"https:\/\/mjs.life\/da\/happenings-hos-mjs\/\" data-wpel-link=\"internal\"><span class=\"fusion-button-text awb-button__text awb-button__text--default\">Lobbybar DJ\u2019s<\/span><\/a><\/div><\/div><\/div><\/div><\/div>\n<\/p>\n","protected":false},"excerpt":{"rendered":"","protected":false},"author":4,"featured_media":0,"parent":0,"menu_order":0,"comment_status":"closed","ping_status":"closed","template":"100-width.php","meta":{"inline_featured_image":false,"footnotes":""},"class_list":["post-26706","page","type-page","status-publish","hentry"],"yoast_head":"<!-- This site is optimized with the Yoast SEO plugin v27.3 - https:\/\/yoast.com\/product\/yoast-seo-wordpress\/ -->\n<title>MJ&#039;S lobbybar | Cocktails, DJ &amp; After Work i Malm\u00f6<\/title>\n<meta name=\"description\" content=\"Bes\u00f8g MJ\u2019S Bar i Malm\u00f6 for cocktails, events og Friday After Work med DJ. En levende hotelbar med stemning, service og gode drinks.\" \/>\n<meta name=\"robots\" content=\"index, follow, max-snippet:-1, max-image-preview:large, max-video-preview:-1\" \/>\n<link rel=\"canonical\" href=\"https:\/\/mjs.life\/da\/bar\/\" \/>\n<meta property=\"og:locale\" content=\"da_DK\" \/>\n<meta property=\"og:type\" content=\"article\" \/>\n<meta property=\"og:title\" content=\"MJ&#039;S lobbybar | Cocktails, DJ &amp; After Work i Malm\u00f6\" \/>\n<meta property=\"og:description\" content=\"Bes\u00f8g MJ\u2019S Bar i Malm\u00f6 for cocktails, events og Friday After Work med DJ. En levende hotelbar med stemning, service og gode drinks.\" \/>\n<meta property=\"og:url\" content=\"https:\/\/mjs.life\/da\/bar\/\" \/>\n<meta property=\"og:site_name\" content=\"MJ&#039;S\" \/>\n<meta property=\"article:modified_time\" content=\"2026-03-09T07:54:10+00:00\" \/>\n<meta property=\"og:image\" content=\"https:\/\/mjs.life\/wp-content\/uploads\/2023\/06\/OG-MJS.jpg\" \/>\n\t<meta property=\"og:image:width\" content=\"1200\" \/>\n\t<meta property=\"og:image:height\" content=\"630\" \/>\n\t<meta property=\"og:image:type\" content=\"image\/jpeg\" \/>\n<meta name=\"twitter:card\" content=\"summary_large_image\" \/>\n<meta name=\"twitter:label1\" content=\"Estimeret l\u00e6setid\" \/>\n\t<meta name=\"twitter:data1\" content=\"1 minut\" \/>\n<script type=\"application\/ld+json\" class=\"yoast-schema-graph\">{\"@context\":\"https:\\\/\\\/schema.org\",\"@graph\":[{\"@type\":\"WebPage\",\"@id\":\"https:\\\/\\\/mjs.life\\\/da\\\/bar\\\/\",\"url\":\"https:\\\/\\\/mjs.life\\\/da\\\/bar\\\/\",\"name\":\"MJ'S lobbybar | Cocktails, DJ & After Work i Malm\u00f6\",\"isPartOf\":{\"@id\":\"https:\\\/\\\/mjs.life\\\/da\\\/#website\"},\"datePublished\":\"2018-05-24T10:14:26+00:00\",\"dateModified\":\"2026-03-09T07:54:10+00:00\",\"description\":\"Bes\u00f8g MJ\u2019S Bar i Malm\u00f6 for cocktails, events og Friday After Work med DJ. En levende hotelbar med stemning, service og gode drinks.\",\"breadcrumb\":{\"@id\":\"https:\\\/\\\/mjs.life\\\/da\\\/bar\\\/#breadcrumb\"},\"inLanguage\":\"da-DK\",\"potentialAction\":[{\"@type\":\"ReadAction\",\"target\":[\"https:\\\/\\\/mjs.life\\\/da\\\/bar\\\/\"]}]},{\"@type\":\"BreadcrumbList\",\"@id\":\"https:\\\/\\\/mjs.life\\\/da\\\/bar\\\/#breadcrumb\",\"itemListElement\":[{\"@type\":\"ListItem\",\"position\":1,\"name\":\"Home\",\"item\":\"https:\\\/\\\/mjs.life\\\/da\\\/\"},{\"@type\":\"ListItem\",\"position\":2,\"name\":\"Bar\"}]},{\"@type\":\"WebSite\",\"@id\":\"https:\\\/\\\/mjs.life\\\/da\\\/#website\",\"url\":\"https:\\\/\\\/mjs.life\\\/da\\\/\",\"name\":\"MJ&#039;S\",\"description\":\"Hotel | Restaurant | Bar in Malm\u00f6\",\"publisher\":{\"@id\":\"https:\\\/\\\/mjs.life\\\/da\\\/#organization\"},\"potentialAction\":[{\"@type\":\"SearchAction\",\"target\":{\"@type\":\"EntryPoint\",\"urlTemplate\":\"https:\\\/\\\/mjs.life\\\/da\\\/?s={search_term_string}\"},\"query-input\":{\"@type\":\"PropertyValueSpecification\",\"valueRequired\":true,\"valueName\":\"search_term_string\"}}],\"inLanguage\":\"da-DK\"},{\"@type\":\"Organization\",\"@id\":\"https:\\\/\\\/mjs.life\\\/da\\\/#organization\",\"name\":\"MJ\u00b4S\u00ae Hotel in Malm\u00f6\",\"url\":\"https:\\\/\\\/mjs.life\\\/da\\\/\",\"logo\":{\"@type\":\"ImageObject\",\"inLanguage\":\"da-DK\",\"@id\":\"https:\\\/\\\/mjs.life\\\/da\\\/#\\\/schema\\\/logo\\\/image\\\/\",\"url\":\"https:\\\/\\\/mjs.life\\\/wp-content\\\/uploads\\\/2018\\\/05\\\/mj-favicon-512x512px.png\",\"contentUrl\":\"https:\\\/\\\/mjs.life\\\/wp-content\\\/uploads\\\/2018\\\/05\\\/mj-favicon-512x512px.png\",\"width\":512,\"height\":512,\"caption\":\"MJ\u00b4S\u00ae Hotel in Malm\u00f6\"},\"image\":{\"@id\":\"https:\\\/\\\/mjs.life\\\/da\\\/#\\\/schema\\\/logo\\\/image\\\/\"}}]}<\/script>\n<!-- \/ Yoast SEO plugin. -->","yoast_head_json":{"title":"MJ'S lobbybar | Cocktails, DJ & After Work i Malm\u00f6","description":"Bes\u00f8g MJ\u2019S Bar i Malm\u00f6 for cocktails, events og Friday After Work med DJ. En levende hotelbar med stemning, service og gode drinks.","robots":{"index":"index","follow":"follow","max-snippet":"max-snippet:-1","max-image-preview":"max-image-preview:large","max-video-preview":"max-video-preview:-1"},"canonical":"https:\/\/mjs.life\/da\/bar\/","og_locale":"da_DK","og_type":"article","og_title":"MJ'S lobbybar | Cocktails, DJ & After Work i Malm\u00f6","og_description":"Bes\u00f8g MJ\u2019S Bar i Malm\u00f6 for cocktails, events og Friday After Work med DJ. En levende hotelbar med stemning, service og gode drinks.","og_url":"https:\/\/mjs.life\/da\/bar\/","og_site_name":"MJ&#039;S","article_modified_time":"2026-03-09T07:54:10+00:00","og_image":[{"width":1200,"height":630,"url":"https:\/\/mjs.life\/wp-content\/uploads\/2023\/06\/OG-MJS.jpg","type":"image\/jpeg"}],"twitter_card":"summary_large_image","twitter_misc":{"Estimeret l\u00e6setid":"1 minut"},"schema":{"@context":"https:\/\/schema.org","@graph":[{"@type":"WebPage","@id":"https:\/\/mjs.life\/da\/bar\/","url":"https:\/\/mjs.life\/da\/bar\/","name":"MJ'S lobbybar | Cocktails, DJ & After Work i Malm\u00f6","isPartOf":{"@id":"https:\/\/mjs.life\/da\/#website"},"datePublished":"2018-05-24T10:14:26+00:00","dateModified":"2026-03-09T07:54:10+00:00","description":"Bes\u00f8g MJ\u2019S Bar i Malm\u00f6 for cocktails, events og Friday After Work med DJ. En levende hotelbar med stemning, service og gode drinks.","breadcrumb":{"@id":"https:\/\/mjs.life\/da\/bar\/#breadcrumb"},"inLanguage":"da-DK","potentialAction":[{"@type":"ReadAction","target":["https:\/\/mjs.life\/da\/bar\/"]}]},{"@type":"BreadcrumbList","@id":"https:\/\/mjs.life\/da\/bar\/#breadcrumb","itemListElement":[{"@type":"ListItem","position":1,"name":"Home","item":"https:\/\/mjs.life\/da\/"},{"@type":"ListItem","position":2,"name":"Bar"}]},{"@type":"WebSite","@id":"https:\/\/mjs.life\/da\/#website","url":"https:\/\/mjs.life\/da\/","name":"MJ&#039;S","description":"Hotel | Restaurant | Bar in Malm\u00f6","publisher":{"@id":"https:\/\/mjs.life\/da\/#organization"},"potentialAction":[{"@type":"SearchAction","target":{"@type":"EntryPoint","urlTemplate":"https:\/\/mjs.life\/da\/?s={search_term_string}"},"query-input":{"@type":"PropertyValueSpecification","valueRequired":true,"valueName":"search_term_string"}}],"inLanguage":"da-DK"},{"@type":"Organization","@id":"https:\/\/mjs.life\/da\/#organization","name":"MJ\u00b4S\u00ae Hotel in Malm\u00f6","url":"https:\/\/mjs.life\/da\/","logo":{"@type":"ImageObject","inLanguage":"da-DK","@id":"https:\/\/mjs.life\/da\/#\/schema\/logo\/image\/","url":"https:\/\/mjs.life\/wp-content\/uploads\/2018\/05\/mj-favicon-512x512px.png","contentUrl":"https:\/\/mjs.life\/wp-content\/uploads\/2018\/05\/mj-favicon-512x512px.png","width":512,"height":512,"caption":"MJ\u00b4S\u00ae Hotel in Malm\u00f6"},"image":{"@id":"https:\/\/mjs.life\/da\/#\/schema\/logo\/image\/"}}]}},"_links":{"self":[{"href":"https:\/\/mjs.life\/da\/wp-json\/wp\/v2\/pages\/26706","targetHints":{"allow":["GET"]}}],"collection":[{"href":"https:\/\/mjs.life\/da\/wp-json\/wp\/v2\/pages"}],"about":[{"href":"https:\/\/mjs.life\/da\/wp-json\/wp\/v2\/types\/page"}],"author":[{"embeddable":true,"href":"https:\/\/mjs.life\/da\/wp-json\/wp\/v2\/users\/4"}],"replies":[{"embeddable":true,"href":"https:\/\/mjs.life\/da\/wp-json\/wp\/v2\/comments?post=26706"}],"version-history":[{"count":6,"href":"https:\/\/mjs.life\/da\/wp-json\/wp\/v2\/pages\/26706\/revisions"}],"predecessor-version":[{"id":27450,"href":"https:\/\/mjs.life\/da\/wp-json\/wp\/v2\/pages\/26706\/revisions\/27450"}],"wp:attachment":[{"href":"https:\/\/mjs.life\/da\/wp-json\/wp\/v2\/media?parent=26706"}],"curies":[{"name":"wp","href":"https:\/\/api.w.org\/{rel}","templated":true}]}}